{"id":81,"date":"2019-02-20T14:22:29","date_gmt":"2019-02-20T14:22:29","guid":{"rendered":"https:\/\/appsanywhere.etcnet.fi\/?page_id=81"},"modified":"2019-10-08T17:27:01","modified_gmt":"2019-10-08T17:27:01","slug":"uutisia","status":"publish","type":"page","link":"https:\/\/appsanywhere.etcnet.fi\/index.php\/uutisia\/","title":{"rendered":"Uutisia"},"content":{"rendered":"\t\t<div data-elementor-type=\"wp-post\" data-elementor-id=\"81\" class=\"elementor elementor-81\">\n\t\t\t\t\t\t<section class=\"elementor-section elementor-top-section elementor-element elementor-element-a51c609 elementor-section-boxed elementor-section-height-default elementor-section-height-default\" data-id=\"a51c609\" data-element_type=\"section\" data-e-type=\"section\">\n\t\t\t\t\t\t<div class=\"elementor-container elementor-column-gap-default\">\n\t\t\t\t\t<div class=\"elementor-column elementor-col-33 elementor-top-column elementor-element elementor-element-55ffb87\" data-id=\"55ffb87\" data-element_type=\"column\" data-e-type=\"column\">\n\t\t\t<div class=\"elementor-widget-wrap elementor-element-populated\">\n\t\t\t\t\t\t<div class=\"elementor-element elementor-element-1c8d33d elementor-widget elementor-widget-heading\" data-id=\"1c8d33d\" data-element_type=\"widget\" data-e-type=\"widget\" data-widget_type=\"heading.default\">\n\t\t\t\t<div class=\"elementor-widget-container\">\n\t\t\t\t\t<h3 class=\"elementor-heading-title elementor-size-default\">Syyskuu 2019<\/h3>\t\t\t\t<\/div>\n\t\t\t\t<\/div>\n\t\t\t\t\t<\/div>\n\t\t<\/div>\n\t\t\t\t<div class=\"elementor-column elementor-col-66 elementor-top-column elementor-element elementor-element-8774299\" data-id=\"8774299\" data-element_type=\"column\" data-e-type=\"column\">\n\t\t\t<div class=\"elementor-widget-wrap elementor-element-populated\">\n\t\t\t\t\t\t<div class=\"elementor-element elementor-element-15d9a11 elementor-widget elementor-widget-text-editor\" data-id=\"15d9a11\" data-element_type=\"widget\" data-e-type=\"widget\" data-widget_type=\"text-editor.default\">\n\t\t\t\t<div class=\"elementor-widget-container\">\n\t\t\t\t\t\t\t\t\t<p class=\"page-title\"><a href=\"https:\/\/diginomica.com\/durham-university-takes-parallel-approach-universal-applications-access\" target=\"_blank\" rel=\"noopener\"><span class=\"field field--name-title field--type-string field--label-hidden\">Durham University takes a parallel approach to universal applications access<\/span><\/a><\/p>\t\t\t\t\t\t\t\t<\/div>\n\t\t\t\t<\/div>\n\t\t\t\t\t<\/div>\n\t\t<\/div>\n\t\t\t\t\t<\/div>\n\t\t<\/section>\n\t\t\t\t<section class=\"elementor-section elementor-top-section elementor-element elementor-element-5099be7 elementor-section-boxed elementor-section-height-default elementor-section-height-default\" data-id=\"5099be7\" data-element_type=\"section\" data-e-type=\"section\">\n\t\t\t\t\t\t<div class=\"elementor-container elementor-column-gap-default\">\n\t\t\t\t\t<div class=\"elementor-column elementor-col-33 elementor-top-column elementor-element elementor-element-504e8f1\" data-id=\"504e8f1\" data-element_type=\"column\" data-e-type=\"column\">\n\t\t\t<div class=\"elementor-widget-wrap elementor-element-populated\">\n\t\t\t\t\t\t<div class=\"elementor-element elementor-element-524169e elementor-widget elementor-widget-heading\" data-id=\"524169e\" data-element_type=\"widget\" data-e-type=\"widget\" data-widget_type=\"heading.default\">\n\t\t\t\t<div class=\"elementor-widget-container\">\n\t\t\t\t\t<h3 class=\"elementor-heading-title elementor-size-default\">Hein\u00e4kuu 2019<\/h3>\t\t\t\t<\/div>\n\t\t\t\t<\/div>\n\t\t\t\t\t<\/div>\n\t\t<\/div>\n\t\t\t\t<div class=\"elementor-column elementor-col-66 elementor-top-column elementor-element elementor-element-149a315\" data-id=\"149a315\" data-element_type=\"column\" data-e-type=\"column\">\n\t\t\t<div class=\"elementor-widget-wrap elementor-element-populated\">\n\t\t\t\t\t\t<div class=\"elementor-element elementor-element-be0bcbc elementor-widget elementor-widget-text-editor\" data-id=\"be0bcbc\" data-element_type=\"widget\" data-e-type=\"widget\" data-widget_type=\"text-editor.default\">\n\t\t\t\t<div class=\"elementor-widget-container\">\n\t\t\t\t\t\t\t\t\t<p><strong>Uusi versio 2.7<\/strong> tuo mukanaan mm. analyysity\u00f6kalun. T\u00e4ll\u00e4 toiminnolla saadaan kattavia raportteja sek\u00e4 &#8221;Dashboard&#8221; eli visuaalinen mittaristo. My\u00f6s sovellus-listoja voidaan nyt jakaa ja listoja voidaan jakaa m\u00e4\u00e4r\u00e4tyille ryhmille tarpeen mukaan.<\/p><p>\u00a0Lis\u00e4tietoja:\u00a0<a style=\"font-weight: normal; font-family: -webkit-standard;\" href=\"https:\/\/www.software2.com\/resource-centre\/appsanywhere-2-7-analytics-and-app-lists\">https:\/\/www.software2.com\/resource-centre\/appsanywhere-2-7-analytics-and-app-lists<\/a><\/p>\t\t\t\t\t\t\t\t<\/div>\n\t\t\t\t<\/div>\n\t\t\t\t\t<\/div>\n\t\t<\/div>\n\t\t\t\t\t<\/div>\n\t\t<\/section>\n\t\t\t\t<section class=\"elementor-section elementor-top-section elementor-element elementor-element-83ddd69 elementor-section-boxed elementor-section-height-default elementor-section-height-default\" data-id=\"83ddd69\" data-element_type=\"section\" data-e-type=\"section\">\n\t\t\t\t\t\t<div class=\"elementor-container elementor-column-gap-default\">\n\t\t\t\t\t<div class=\"elementor-column elementor-col-33 elementor-top-column elementor-element elementor-element-f3bb764\" data-id=\"f3bb764\" data-element_type=\"column\" data-e-type=\"column\">\n\t\t\t<div class=\"elementor-widget-wrap elementor-element-populated\">\n\t\t\t\t\t\t<div class=\"elementor-element elementor-element-72bc6d9 elementor-widget elementor-widget-text-editor\" data-id=\"72bc6d9\" data-element_type=\"widget\" data-e-type=\"widget\" data-widget_type=\"text-editor.default\">\n\t\t\t\t<div class=\"elementor-widget-container\">\n\t\t\t\t\t\t\t\t\t<h3>Tammikuu 2019<\/h3>\t\t\t\t\t\t\t\t<\/div>\n\t\t\t\t<\/div>\n\t\t\t\t\t<\/div>\n\t\t<\/div>\n\t\t\t\t<div class=\"elementor-column elementor-col-66 elementor-top-column elementor-element elementor-element-38921cd\" data-id=\"38921cd\" data-element_type=\"column\" data-e-type=\"column\">\n\t\t\t<div class=\"elementor-widget-wrap elementor-element-populated\">\n\t\t\t\t\t\t<div class=\"elementor-element elementor-element-e6b7a97 elementor-widget elementor-widget-text-editor\" data-id=\"e6b7a97\" data-element_type=\"widget\" data-e-type=\"widget\" data-widget_type=\"text-editor.default\">\n\t\t\t\t<div class=\"elementor-widget-container\">\n\t\t\t\t\t\t\t\t\t<p>Software2 ja Etcetera Networks solmii partnersopimuksen jonka mukaan Etcetera markkinoi AppsAnywhere\u00e4 Suomalaisille organisaatioille ja koulutussektorille.<\/p>\t\t\t\t\t\t\t\t<\/div>\n\t\t\t\t<\/div>\n\t\t\t\t\t<\/div>\n\t\t<\/div>\n\t\t\t\t\t<\/div>\n\t\t<\/section>\n\t\t\t\t<\/div>\n\t\t","protected":false},"excerpt":{"rendered":"<p>Syyskuu 2019 Durham University takes a parallel approach to universal applications access Hein\u00e4kuu 2019 Uusi versio 2.7 tuo mukanaan mm. analyysity\u00f6kalun. T\u00e4ll\u00e4 toiminnolla saadaan kattavia raportteja sek\u00e4 &#8221;Dashboard&#8221; eli visuaalinen mittaristo. My\u00f6s sovellus-listoja voidaan nyt jakaa ja listoja voidaan jakaa m\u00e4\u00e4r\u00e4tyille ryhmille tarpeen mukaan. \u00a0Lis\u00e4tietoja:\u00a0https:\/\/www.software2.com\/resource-centre\/appsanywhere-2-7-analytics-and-app-lists Tammikuu 2019 Software2 ja Etcetera Networks solmii partnersopimuksen jonka mukaan [&hellip;]<\/p>\n","protected":false},"author":1,"featured_media":0,"parent":0,"menu_order":0,"comment_status":"closed","ping_status":"closed","template":"","meta":{"footnotes":""},"class_list":["post-81","page","type-page","status-publish","hentry"],"yoast_head":"<!-- This site is optimized with the Yoast SEO plugin v27.4 - https:\/\/yoast.com\/product\/yoast-seo-wordpress\/ -->\n<title>Uutisia - AppsAnywhere<\/title>\n<meta name=\"robots\" content=\"index, follow, max-snippet:-1, max-image-preview:large, max-video-preview:-1\" \/>\n<link rel=\"canonical\" href=\"https:\/\/appsanywhere.etcnet.fi\/index.php\/uutisia\/\" \/>\n<meta property=\"og:locale\" content=\"sv_SE\" \/>\n<meta property=\"og:type\" content=\"article\" \/>\n<meta property=\"og:title\" content=\"Uutisia - AppsAnywhere\" \/>\n<meta property=\"og:description\" content=\"Syyskuu 2019 Durham University takes a parallel approach to universal applications access Hein\u00e4kuu 2019 Uusi versio 2.7 tuo mukanaan mm. analyysity\u00f6kalun. T\u00e4ll\u00e4 toiminnolla saadaan kattavia raportteja sek\u00e4 &#8221;Dashboard&#8221; eli visuaalinen mittaristo. My\u00f6s sovellus-listoja voidaan nyt jakaa ja listoja voidaan jakaa m\u00e4\u00e4r\u00e4tyille ryhmille tarpeen mukaan. \u00a0Lis\u00e4tietoja:\u00a0https:\/\/www.software2.com\/resource-centre\/appsanywhere-2-7-analytics-and-app-lists Tammikuu 2019 Software2 ja Etcetera Networks solmii partnersopimuksen jonka mukaan [&hellip;]\" \/>\n<meta property=\"og:url\" content=\"https:\/\/appsanywhere.etcnet.fi\/index.php\/uutisia\/\" \/>\n<meta property=\"og:site_name\" content=\"AppsAnywhere\" \/>\n<meta property=\"article:modified_time\" content=\"2019-10-08T17:27:01+00:00\" \/>\n<meta name=\"twitter:card\" content=\"summary_large_image\" \/>\n<script type=\"application\/ld+json\" class=\"yoast-schema-graph\">{\"@context\":\"https:\\\/\\\/schema.org\",\"@graph\":[{\"@type\":\"WebPage\",\"@id\":\"https:\\\/\\\/appsanywhere.etcnet.fi\\\/index.php\\\/uutisia\\\/\",\"url\":\"https:\\\/\\\/appsanywhere.etcnet.fi\\\/index.php\\\/uutisia\\\/\",\"name\":\"Uutisia - AppsAnywhere\",\"isPartOf\":{\"@id\":\"https:\\\/\\\/appsanywhere.etcnet.fi\\\/#website\"},\"datePublished\":\"2019-02-20T14:22:29+00:00\",\"dateModified\":\"2019-10-08T17:27:01+00:00\",\"breadcrumb\":{\"@id\":\"https:\\\/\\\/appsanywhere.etcnet.fi\\\/index.php\\\/uutisia\\\/#breadcrumb\"},\"inLanguage\":\"sv-SE\",\"potentialAction\":[{\"@type\":\"ReadAction\",\"target\":[\"https:\\\/\\\/appsanywhere.etcnet.fi\\\/index.php\\\/uutisia\\\/\"]}]},{\"@type\":\"BreadcrumbList\",\"@id\":\"https:\\\/\\\/appsanywhere.etcnet.fi\\\/index.php\\\/uutisia\\\/#breadcrumb\",\"itemListElement\":[{\"@type\":\"ListItem\",\"position\":1,\"name\":\"Home\",\"item\":\"https:\\\/\\\/appsanywhere.etcnet.fi\\\/\"},{\"@type\":\"ListItem\",\"position\":2,\"name\":\"Uutisia\"}]},{\"@type\":\"WebSite\",\"@id\":\"https:\\\/\\\/appsanywhere.etcnet.fi\\\/#website\",\"url\":\"https:\\\/\\\/appsanywhere.etcnet.fi\\\/\",\"name\":\"AppsAnywhere\",\"description\":\"Any App - Any Device - Anywhere - Anytime\",\"publisher\":{\"@id\":\"https:\\\/\\\/appsanywhere.etcnet.fi\\\/#organization\"},\"potentialAction\":[{\"@type\":\"SearchAction\",\"target\":{\"@type\":\"EntryPoint\",\"urlTemplate\":\"https:\\\/\\\/appsanywhere.etcnet.fi\\\/?s={search_term_string}\"},\"query-input\":{\"@type\":\"PropertyValueSpecification\",\"valueRequired\":true,\"valueName\":\"search_term_string\"}}],\"inLanguage\":\"sv-SE\"},{\"@type\":\"Organization\",\"@id\":\"https:\\\/\\\/appsanywhere.etcnet.fi\\\/#organization\",\"name\":\"AppsAnywhere\",\"url\":\"https:\\\/\\\/appsanywhere.etcnet.fi\\\/\",\"logo\":{\"@type\":\"ImageObject\",\"inLanguage\":\"sv-SE\",\"@id\":\"https:\\\/\\\/appsanywhere.etcnet.fi\\\/#\\\/schema\\\/logo\\\/image\\\/\",\"url\":\"https:\\\/\\\/appsanywhere.etcnet.fi\\\/wp-content\\\/uploads\\\/2019\\\/02\\\/cropped-AppsAnywhere-RGB-JPEG.jpg\",\"contentUrl\":\"https:\\\/\\\/appsanywhere.etcnet.fi\\\/wp-content\\\/uploads\\\/2019\\\/02\\\/cropped-AppsAnywhere-RGB-JPEG.jpg\",\"width\":3300,\"height\":502,\"caption\":\"AppsAnywhere\"},\"image\":{\"@id\":\"https:\\\/\\\/appsanywhere.etcnet.fi\\\/#\\\/schema\\\/logo\\\/image\\\/\"}}]}<\/script>\n<!-- \/ Yoast SEO plugin. -->","yoast_head_json":{"title":"Uutisia - AppsAnywhere","robots":{"index":"index","follow":"follow","max-snippet":"max-snippet:-1","max-image-preview":"max-image-preview:large","max-video-preview":"max-video-preview:-1"},"canonical":"https:\/\/appsanywhere.etcnet.fi\/index.php\/uutisia\/","og_locale":"sv_SE","og_type":"article","og_title":"Uutisia - AppsAnywhere","og_description":"Syyskuu 2019 Durham University takes a parallel approach to universal applications access Hein\u00e4kuu 2019 Uusi versio 2.7 tuo mukanaan mm. analyysity\u00f6kalun. T\u00e4ll\u00e4 toiminnolla saadaan kattavia raportteja sek\u00e4 &#8221;Dashboard&#8221; eli visuaalinen mittaristo. My\u00f6s sovellus-listoja voidaan nyt jakaa ja listoja voidaan jakaa m\u00e4\u00e4r\u00e4tyille ryhmille tarpeen mukaan. \u00a0Lis\u00e4tietoja:\u00a0https:\/\/www.software2.com\/resource-centre\/appsanywhere-2-7-analytics-and-app-lists Tammikuu 2019 Software2 ja Etcetera Networks solmii partnersopimuksen jonka mukaan [&hellip;]","og_url":"https:\/\/appsanywhere.etcnet.fi\/index.php\/uutisia\/","og_site_name":"AppsAnywhere","article_modified_time":"2019-10-08T17:27:01+00:00","twitter_card":"summary_large_image","schema":{"@context":"https:\/\/schema.org","@graph":[{"@type":"WebPage","@id":"https:\/\/appsanywhere.etcnet.fi\/index.php\/uutisia\/","url":"https:\/\/appsanywhere.etcnet.fi\/index.php\/uutisia\/","name":"Uutisia - AppsAnywhere","isPartOf":{"@id":"https:\/\/appsanywhere.etcnet.fi\/#website"},"datePublished":"2019-02-20T14:22:29+00:00","dateModified":"2019-10-08T17:27:01+00:00","breadcrumb":{"@id":"https:\/\/appsanywhere.etcnet.fi\/index.php\/uutisia\/#breadcrumb"},"inLanguage":"sv-SE","potentialAction":[{"@type":"ReadAction","target":["https:\/\/appsanywhere.etcnet.fi\/index.php\/uutisia\/"]}]},{"@type":"BreadcrumbList","@id":"https:\/\/appsanywhere.etcnet.fi\/index.php\/uutisia\/#breadcrumb","itemListElement":[{"@type":"ListItem","position":1,"name":"Home","item":"https:\/\/appsanywhere.etcnet.fi\/"},{"@type":"ListItem","position":2,"name":"Uutisia"}]},{"@type":"WebSite","@id":"https:\/\/appsanywhere.etcnet.fi\/#website","url":"https:\/\/appsanywhere.etcnet.fi\/","name":"AppsAnywhere","description":"Any App - Any Device - Anywhere - Anytime","publisher":{"@id":"https:\/\/appsanywhere.etcnet.fi\/#organization"},"potentialAction":[{"@type":"SearchAction","target":{"@type":"EntryPoint","urlTemplate":"https:\/\/appsanywhere.etcnet.fi\/?s={search_term_string}"},"query-input":{"@type":"PropertyValueSpecification","valueRequired":true,"valueName":"search_term_string"}}],"inLanguage":"sv-SE"},{"@type":"Organization","@id":"https:\/\/appsanywhere.etcnet.fi\/#organization","name":"AppsAnywhere","url":"https:\/\/appsanywhere.etcnet.fi\/","logo":{"@type":"ImageObject","inLanguage":"sv-SE","@id":"https:\/\/appsanywhere.etcnet.fi\/#\/schema\/logo\/image\/","url":"https:\/\/appsanywhere.etcnet.fi\/wp-content\/uploads\/2019\/02\/cropped-AppsAnywhere-RGB-JPEG.jpg","contentUrl":"https:\/\/appsanywhere.etcnet.fi\/wp-content\/uploads\/2019\/02\/cropped-AppsAnywhere-RGB-JPEG.jpg","width":3300,"height":502,"caption":"AppsAnywhere"},"image":{"@id":"https:\/\/appsanywhere.etcnet.fi\/#\/schema\/logo\/image\/"}}]}},"_links":{"self":[{"href":"https:\/\/appsanywhere.etcnet.fi\/index.php\/wp-json\/wp\/v2\/pages\/81","targetHints":{"allow":["GET"]}}],"collection":[{"href":"https:\/\/appsanywhere.etcnet.fi\/index.php\/wp-json\/wp\/v2\/pages"}],"about":[{"href":"https:\/\/appsanywhere.etcnet.fi\/index.php\/wp-json\/wp\/v2\/types\/page"}],"author":[{"embeddable":true,"href":"https:\/\/appsanywhere.etcnet.fi\/index.php\/wp-json\/wp\/v2\/users\/1"}],"replies":[{"embeddable":true,"href":"https:\/\/appsanywhere.etcnet.fi\/index.php\/wp-json\/wp\/v2\/comments?post=81"}],"version-history":[{"count":7,"href":"https:\/\/appsanywhere.etcnet.fi\/index.php\/wp-json\/wp\/v2\/pages\/81\/revisions"}],"predecessor-version":[{"id":108,"href":"https:\/\/appsanywhere.etcnet.fi\/index.php\/wp-json\/wp\/v2\/pages\/81\/revisions\/108"}],"wp:attachment":[{"href":"https:\/\/appsanywhere.etcnet.fi\/index.php\/wp-json\/wp\/v2\/media?parent=81"}],"curies":[{"name":"wp","href":"https:\/\/api.w.org\/{rel}","templated":true}]}}